{"id":7975,"date":"2023-10-11T20:22:52","date_gmt":"2023-10-11T18:22:52","guid":{"rendered":"https:\/\/www.christinebraehler.com\/?page_id=7975"},"modified":"2026-02-14T04:19:38","modified_gmt":"2026-02-14T03:19:38","slug":"kontakt","status":"publish","type":"page","link":"https:\/\/www.christinebraehler.com\/de\/kontakt\/","title":{"rendered":"Kontakt"},"content":{"rendered":"\t\t<div data-elementor-type=\"wp-page\" data-elementor-id=\"7975\" class=\"elementor elementor-7975 elementor-7746\" data-elementor-post-type=\"page\">\n\t\t\t\t<div class=\"elementor-element elementor-element-7c68e66 e-con-full e-flex e-con e-parent\" data-id=\"7c68e66\" data-element_type=\"container\" data-e-type=\"container\" data-settings=\"{&quot;background_background&quot;:&quot;classic&quot;}\">\n\t\t<div class=\"elementor-element elementor-element-1d29b05 e-con-full e-flex e-con e-child\" data-id=\"1d29b05\" data-element_type=\"container\" data-e-type=\"container\" data-settings=\"{&quot;background_background&quot;:&quot;classic&quot;}\">\n\t\t\t\t<div class=\"elementor-element elementor-element-55ef344 elementor-widget elementor-widget-spacer\" data-id=\"55ef344\" data-element_type=\"widget\" data-e-type=\"widget\" data-widget_type=\"spacer.default\">\n\t\t\t\t<div class=\"elementor-widget-container\">\n\t\t\t\t\t\t\t<div class=\"elementor-spacer\">\n\t\t\t<div class=\"elementor-spacer-inner\"><\/div>\n\t\t<\/div>\n\t\t\t\t\t\t<\/div>\n\t\t\t\t<\/div>\n\t\t\t\t<\/div>\n\t\t<div class=\"elementor-element elementor-element-69510d0 e-con-full e-flex e-con e-child\" data-id=\"69510d0\" data-element_type=\"container\" data-e-type=\"container\">\n\t\t\t\t<div class=\"elementor-element elementor-element-f67fdc6 elementor-widget elementor-widget-heading\" data-id=\"f67fdc6\" data-element_type=\"widget\" data-e-type=\"widget\" data-widget_type=\"heading.default\">\n\t\t\t\t<div class=\"elementor-widget-container\">\n\t\t\t\t\t<h1 class=\"elementor-heading-title elementor-size-default\">Kontakt<\/h1>\t\t\t\t<\/div>\n\t\t\t\t<\/div>\n\t\t\t\t<div class=\"elementor-element elementor-element-d8fb0e7 elementor-view-framed elementor-shape-circle elementor-widget elementor-widget-global elementor-global-19630 elementor-widget-icon\" data-id=\"d8fb0e7\" data-element_type=\"widget\" data-e-type=\"widget\" data-widget_type=\"icon.default\">\n\t\t\t\t<div class=\"elementor-widget-container\">\n\t\t\t\t\t\t\t<div class=\"elementor-icon-wrapper\">\n\t\t\t<div class=\"elementor-icon\">\n\t\t\t<svg aria-hidden=\"true\" class=\"e-font-icon-svg e-fas-check\" viewBox=\"0 0 512 512\" xmlns=\"http:\/\/www.w3.org\/2000\/svg\"><path d=\"M173.898 439.404l-166.4-166.4c-9.997-9.997-9.997-26.206 0-36.204l36.203-36.204c9.997-9.998 26.207-9.998 36.204 0L192 312.69 432.095 72.596c9.997-9.997 26.207-9.997 36.204 0l36.203 36.204c9.997 9.997 9.997 26.206 0 36.204l-294.4 294.401c-9.998 9.997-26.207 9.997-36.204-.001z\"><\/path><\/svg>\t\t\t<\/div>\n\t\t<\/div>\n\t\t\t\t\t\t<\/div>\n\t\t\t\t<\/div>\n\t\t\t\t<div class=\"elementor-element elementor-element-0c6827a elementor-widget elementor-widget-text-editor\" data-id=\"0c6827a\" data-element_type=\"widget\" data-e-type=\"widget\" data-widget_type=\"text-editor.default\">\n\t\t\t\t<div class=\"elementor-widget-container\">\n\t\t\t\t\t\t\t\t\t<p>Kontaktieren Sie mich gerne bez\u00fcglich mit Anfragen zu meinen Kursen, IFS, Vortr\u00e4gen, Workshops oder Medienanfragen.<\/p>\t\t\t\t\t\t\t\t<\/div>\n\t\t\t\t<\/div>\n\t\t\t\t<div class=\"elementor-element elementor-element-83e814f elementor-view-framed elementor-shape-circle elementor-widget elementor-widget-icon\" data-id=\"83e814f\" data-element_type=\"widget\" data-e-type=\"widget\" data-widget_type=\"icon.default\">\n\t\t\t\t<div class=\"elementor-widget-container\">\n\t\t\t\t\t\t\t<div class=\"elementor-icon-wrapper\">\n\t\t\t<div class=\"elementor-icon\">\n\t\t\t<svg aria-hidden=\"true\" class=\"e-font-icon-svg e-fas-times\" viewBox=\"0 0 352 512\" xmlns=\"http:\/\/www.w3.org\/2000\/svg\"><path d=\"M242.72 256l100.07-100.07c12.28-12.28 12.28-32.19 0-44.48l-22.24-22.24c-12.28-12.28-32.19-12.28-44.48 0L176 189.28 75.93 89.21c-12.28-12.28-32.19-12.28-44.48 0L9.21 111.45c-12.28 12.28-12.28 32.19 0 44.48L109.28 256 9.21 356.07c-12.28 12.28-12.28 32.19 0 44.48l22.24 22.24c12.28 12.28 32.2 12.28 44.48 0L176 322.72l100.07 100.07c12.28 12.28 32.2 12.28 44.48 0l22.24-22.24c12.28-12.28 12.28-32.19 0-44.48L242.72 256z\"><\/path><\/svg>\t\t\t<\/div>\n\t\t<\/div>\n\t\t\t\t\t\t<\/div>\n\t\t\t\t<\/div>\n\t\t\t\t<div class=\"elementor-element elementor-element-ce27bc9 elementor-widget elementor-widget-text-editor\" data-id=\"ce27bc9\" data-element_type=\"widget\" data-e-type=\"widget\" data-widget_type=\"text-editor.default\">\n\t\t\t\t<div class=\"elementor-widget-container\">\n\t\t\t\t\t\t\t\t\t<p>Ich biete keine Supervision und keine Behandlung von psychischen Erkrankungen an.<\/p>\t\t\t\t\t\t\t\t<\/div>\n\t\t\t\t<\/div>\n\t\t\t\t<\/div>\n\t\t\t\t<\/div>\n\t\t<div class=\"elementor-element elementor-element-d883410 e-flex e-con-boxed e-con e-parent\" data-id=\"d883410\" data-element_type=\"container\" data-e-type=\"container\" data-settings=\"{&quot;background_background&quot;:&quot;classic&quot;}\">\n\t\t\t\t\t<div class=\"e-con-inner\">\n\t\t<div class=\"elementor-element elementor-element-06af1b2 e-con-full e-flex e-con e-child\" data-id=\"06af1b2\" data-element_type=\"container\" data-e-type=\"container\">\n\t\t\t\t<div class=\"elementor-element elementor-element-aa96ee5 elementor-widget elementor-widget-shortcode\" data-id=\"aa96ee5\" data-element_type=\"widget\" data-e-type=\"widget\" data-widget_type=\"shortcode.default\">\n\t\t\t\t<div class=\"elementor-widget-container\">\n\t\t\t\t\t\t\t<div class=\"elementor-shortcode\"><div class='fluentform ff-default fluentform_wrapper_6 ffs_default_wrap'><form data-form_id=\"6\" id=\"fluentform_6\" class=\"frm-fluent-form fluent_form_6 ff-el-form-top ff_form_instance_6_1 ff-form-loading ffs_default\" data-form_instance=\"ff_form_instance_6_1\" method=\"POST\" ><fieldset  style=\"border: none!important;margin: 0!important;padding: 0!important;background-color: transparent!important;box-shadow: none!important;outline: none!important; min-inline-size: 100%;\">\n                    <legend class=\"ff_screen_reader_title\" style=\"display: block; margin: 0!important;padding: 0!important;height: 0!important;text-indent: -999999px;width: 0!important;overflow:hidden;\">Kontaktformular<\/legend><input type='hidden' name='__fluent_form_embded_post_id' value='7975' \/><input type=\"hidden\" id=\"_fluentform_6_fluentformnonce\" name=\"_fluentform_6_fluentformnonce\" value=\"ab4503fa5c\" \/><input type=\"hidden\" name=\"_wp_http_referer\" value=\"\/de\/wp-json\/wp\/v2\/pages\/7975\" \/><div data-name=\"ff_cn_id_1\"  class='ff-t-container ff-column-container ff_columns_total_2 '><div class='ff-t-cell ff-t-column-1' style='flex-basis: 50%;'><div class='ff-el-group'><div class=\"ff-el-input--label ff-el-is-required asterisk-right\"><label for='ff_6_first-name' id='label_ff_6_first-name' >Vorname<\/label><\/div><div class='ff-el-input--content'><input type=\"text\" name=\"first-name\" class=\"ff-el-form-control\" id=\"ff_6_first-name\" data-name=\"first-name\"  aria-invalid=\"false\" aria-required=true><\/div><\/div><\/div><div class='ff-t-cell ff-t-column-2' style='flex-basis: 50%;'><div class='ff-el-group'><div class=\"ff-el-input--label ff-el-is-required asterisk-right\"><label for='ff_6_last-name' id='label_ff_6_last-name' >Nachname<\/label><\/div><div class='ff-el-input--content'><input type=\"text\" name=\"last-name\" class=\"ff-el-form-control\" id=\"ff_6_last-name\" data-name=\"last-name\"  aria-invalid=\"false\" aria-required=true><\/div><\/div><\/div><\/div><div data-name=\"ff_cn_id_2\"  class='ff-t-container ff-column-container ff_columns_total_2 '><div class='ff-t-cell ff-t-column-1' style='flex-basis: 50%;'><div class='ff-el-group'><div class=\"ff-el-input--label ff-el-is-required asterisk-right\"><label for='ff_6_your-email' id='label_ff_6_your-email' aria-label=\"Deine E-Mail\">Deine E-Mail<\/label><\/div><div class='ff-el-input--content'><input type=\"email\" name=\"your-email\" class=\"ff-el-form-control\" id=\"ff_6_your-email\" data-name=\"your-email\"  aria-invalid=\"false\" aria-required=true><\/div><\/div><\/div><div class='ff-t-cell ff-t-column-2' style='flex-basis: 50%;'><div class='ff-el-group'><div class=\"ff-el-input--label ff-el-is-required asterisk-right\"><label for='ff_6_your-email-confirm' id='label_ff_6_your-email-confirm' aria-label=\"E-Mail best\u00e4tigen\">E-Mail best\u00e4tigen<\/label><\/div><div class='ff-el-input--content'><input type=\"email\" name=\"your-email-confirm\" class=\"ff-el-form-control\" id=\"ff_6_your-email-confirm\" data-name=\"your-email-confirm\"  aria-invalid=\"false\" aria-required=true><\/div><\/div><\/div><\/div><div data-name=\"ff_cn_id_3\"  class='ff-t-container ff-column-container ff_columns_total_2 '><div class='ff-t-cell ff-t-column-1' style='flex-basis: 50%;'><div class='ff-el-group'><div class=\"ff-el-input--label ff-el-is-required asterisk-right\"><label for='ff_6_street' id='label_ff_6_street' aria-label=\"Stra\u00dfe &amp; Hausnummer\">Stra\u00dfe &amp; Hausnummer<\/label><\/div><div class='ff-el-input--content'><input type=\"text\" name=\"street\" class=\"ff-el-form-control\" id=\"ff_6_street\" data-name=\"street\"  aria-invalid=\"false\" aria-required=true><\/div><\/div><\/div><div class='ff-t-cell ff-t-column-2' style='flex-basis: 50%;'><div class='ff-el-group'><div class=\"ff-el-input--label ff-el-is-required asterisk-right\"><label for='ff_6_city' id='label_ff_6_city' aria-label=\"PLZ &amp; Ort\">PLZ &amp; Ort<\/label><\/div><div class='ff-el-input--content'><input type=\"text\" name=\"city\" class=\"ff-el-form-control\" id=\"ff_6_city\" data-name=\"city\"  aria-invalid=\"false\" aria-required=true><\/div><\/div><\/div><\/div><div data-name=\"ff_cn_id_4\"  class='ff-t-container ff-column-container ff_columns_total_2 '><div class='ff-t-cell ff-t-column-1' style='flex-basis: 50%;'><div class='ff-el-group'><div class=\"ff-el-input--label ff-el-is-required asterisk-right\"><label for='ff_6_country' id='label_ff_6_country' aria-label=\"Land\">Land<\/label><\/div><div class='ff-el-input--content'><input type=\"text\" name=\"country\" class=\"ff-el-form-control\" id=\"ff_6_country\" data-name=\"country\"  aria-invalid=\"false\" aria-required=true><\/div><\/div><\/div><div class='ff-t-cell ff-t-column-2' style='flex-basis: 50%;'><div class='ff-el-group'><div class=\"ff-el-input--label ff-el-is-required asterisk-right\"><label for='ff_6_telephone' id='label_ff_6_telephone' aria-label=\"Telefon\">Telefon<\/label><\/div><div class='ff-el-input--content'><input name=\"telephone\" id=\"ff_6_telephone\" class=\"ff-el-form-control ff-el-phone\" type=\"tel\" data-name=\"telephone\" inputmode=\"tel\"  aria-invalid='false' aria-required=true><\/div><\/div><\/div><\/div><div class='ff-el-group'><div class=\"ff-el-input--label ff-el-is-required asterisk-right\"><label for='ff_6_dropdown' id='label_ff_6_dropdown' aria-label=\"Betreff\">Betreff<\/label><\/div><div class='ff-el-input--content'><select name=\"dropdown\" id=\"ff_6_dropdown\" class=\"ff-el-form-control\" data-name=\"dropdown\" data-calc_value=\"0\"  aria-invalid=\"false\" aria-required=\"true\" aria-labelledby=\"label_ff_6_dropdown\"><option value=\"\">- AUSW\u00c4HLEN -<\/option><option value=\"Kurse\"  >Kurse<\/option><option value=\"IFS\/IFIO\"  >IFS\/IFIO<\/option><option value=\"Dozentenanfrage\"  >Dozentenanfrage<\/option><option value=\"Presse\"  >Presse<\/option><option value=\"Sonstiges\"  >Sonstiges<\/option><\/select><\/div><\/div><div class='ff-el-group'><div class=\"ff-el-input--label ff-el-is-required asterisk-right\"><label for='ff_6_your-message' id='label_ff_6_your-message' aria-label=\"Deine Nachricht\">Deine Nachricht<\/label><\/div><div class='ff-el-input--content'><textarea aria-required=\"true\" aria-labelledby=\"label_ff_6_your-message\" name=\"your-message\" class=\"ff-el-form-control\" id=\"ff_6_your-message\" rows=\"8\" data-name=\"your-message\" ><\/textarea><\/div><\/div><div class='ff-el-group ff-text-left ff_submit_btn_wrapper'><button type=\"submit\" class=\"ff-btn ff-btn-submit ff-btn-md ff_btn_style wpf_has_custom_css\"  aria-label=\"Abschicken\">Abschicken<\/button><\/div><\/fieldset><\/form><div id='fluentform_6_errors' class='ff-errors-in-stack ff_form_instance_6_1 ff-form-loading_errors ff_form_instance_6_1_errors'><\/div><\/div>            <script type=\"text\/javascript\">\n                window.fluent_form_ff_form_instance_6_1 = {\"id\":\"6\",\"ajaxUrl\":\"https:\\\/\\\/www.christinebraehler.com\\\/wp-admin\\\/admin-ajax.php\",\"settings\":{\"layout\":{\"labelPlacement\":\"top\",\"asteriskPlacement\":\"asterisk-right\",\"helpMessagePlacement\":\"with_label\",\"errorMessagePlacement\":\"inline\",\"cssClassName\":\"\"},\"restrictions\":{\"denyEmptySubmission\":{\"enabled\":false}}},\"form_instance\":\"ff_form_instance_6_1\",\"form_id_selector\":\"fluentform_6\",\"rules\":{\"first-name\":{\"required\":{\"value\":true,\"message\":\"Dieses Feld ist erforderlich\",\"global\":false,\"global_message\":\"This field is required\"}},\"last-name\":{\"required\":{\"value\":true,\"message\":\"Dieses Feld ist erforderlich\",\"global\":false,\"global_message\":\"This field is required\"}},\"your-email\":{\"required\":{\"value\":true,\"message\":\"Dieses Feld ist erforderlich\",\"global\":false,\"global_message\":\"This field is required\"},\"email\":{\"value\":1,\"message\":\"Dieses Feld muss eine g\\u00fcltige E-Mail-Adresse enthalten\",\"global\":false,\"global_message\":\"This field must contain a valid email\"}},\"your-email-confirm\":{\"required\":{\"value\":true,\"message\":\"Dieses Feld ist erforderlich\",\"global\":false,\"global_message\":\"This field is required\"},\"email\":{\"value\":1,\"message\":\"Dieses Feld muss eine g\\u00fcltige E-Mail-Adresse enthalten\",\"global\":false,\"global_message\":\"This field must contain a valid email\"}},\"street\":{\"required\":{\"value\":true,\"message\":\"Dieses Feld ist erforderlich\",\"global\":false,\"global_message\":\"This field is required\"}},\"city\":{\"required\":{\"value\":true,\"message\":\"Dieses Feld ist erforderlich\",\"global\":false,\"global_message\":\"This field is required\"}},\"country\":{\"required\":{\"value\":true,\"message\":\"Dieses Feld ist erforderlich\",\"global\":false,\"global_message\":\"This field is required\"}},\"telephone\":{\"required\":{\"value\":true,\"message\":\"Dieses Feld ist erforderlich\",\"global\":false,\"global_message\":\"This field is required\"},\"valid_phone_number\":{\"value\":false,\"message\":\"Phone number is not valid\",\"global\":false,\"global_message\":\"Phone number is not valid\"}},\"dropdown\":{\"required\":{\"value\":true,\"message\":\"Dieses Feld ist erforderlich\",\"global_message\":\"This field is required\",\"global\":true}},\"your-message\":{\"required\":{\"value\":true,\"message\":\"Dieses Feld ist erforderlich\",\"global\":false,\"global_message\":\"This field is required\"}}},\"debounce_time\":300};\n                            <\/script>\n            <\/div>\n\t\t\t\t\t\t<\/div>\n\t\t\t\t<\/div>\n\t\t\t\t<\/div>\n\t\t\t\t\t<\/div>\n\t\t\t\t<\/div>\n\t\t\t\t<\/div>\n\t\t","protected":false},"excerpt":{"rendered":"<p>Kontaktieren Sie mich gerne bez\u00fcglich mit Anfragen zu meinen Kursen, IFS, Vortr\u00e4gen, Workshops oder Medienanfragen. Ich biete keine Supervision und keine Behandlung von psychischen Erkrankungen an.<\/p>\n","protected":false},"author":6,"featured_media":0,"parent":0,"menu_order":0,"comment_status":"closed","ping_status":"closed","template":"","meta":{"_acf_changed":false,"ocean_post_layout":"","ocean_both_sidebars_style":"","ocean_both_sidebars_content_width":0,"ocean_both_sidebars_sidebars_width":0,"ocean_sidebar":"0","ocean_second_sidebar":"0","ocean_disable_margins":"enable","ocean_add_body_class":"","ocean_shortcode_before_top_bar":"","ocean_shortcode_after_top_bar":"","ocean_shortcode_before_header":"","ocean_shortcode_after_header":"","ocean_has_shortcode":"","ocean_shortcode_after_title":"","ocean_shortcode_before_footer_widgets":"","ocean_shortcode_after_footer_widgets":"","ocean_shortcode_before_footer_bottom":"","ocean_shortcode_after_footer_bottom":"","ocean_display_top_bar":"default","ocean_display_header":"default","ocean_header_style":"","ocean_center_header_left_menu":"0","ocean_custom_header_template":"0","ocean_custom_logo":0,"ocean_custom_retina_logo":0,"ocean_custom_logo_max_width":0,"ocean_custom_logo_tablet_max_width":0,"ocean_custom_logo_mobile_max_width":0,"ocean_custom_logo_max_height":0,"ocean_custom_logo_tablet_max_height":0,"ocean_custom_logo_mobile_max_height":0,"ocean_header_custom_menu":"0","ocean_menu_typo_font_family":"0","ocean_menu_typo_font_subset":"","ocean_menu_typo_font_size":0,"ocean_menu_typo_font_size_tablet":0,"ocean_menu_typo_font_size_mobile":0,"ocean_menu_typo_font_size_unit":"px","ocean_menu_typo_font_weight":"","ocean_menu_typo_font_weight_tablet":"","ocean_menu_typo_font_weight_mobile":"","ocean_menu_typo_transform":"","ocean_menu_typo_transform_tablet":"","ocean_menu_typo_transform_mobile":"","ocean_menu_typo_line_height":0,"ocean_menu_typo_line_height_tablet":0,"ocean_menu_typo_line_height_mobile":0,"ocean_menu_typo_line_height_unit":"","ocean_menu_typo_spacing":0,"ocean_menu_typo_spacing_tablet":0,"ocean_menu_typo_spacing_mobile":0,"ocean_menu_typo_spacing_unit":"","ocean_menu_link_color":"","ocean_menu_link_color_hover":"","ocean_menu_link_color_active":"","ocean_menu_link_background":"","ocean_menu_link_hover_background":"","ocean_menu_link_active_background":"","ocean_menu_social_links_bg":"","ocean_menu_social_hover_links_bg":"","ocean_menu_social_links_color":"","ocean_menu_social_hover_links_color":"","ocean_disable_title":"default","ocean_disable_heading":"default","ocean_post_title":"","ocean_post_subheading":"","ocean_post_title_style":"","ocean_post_title_background_color":"","ocean_post_title_background":0,"ocean_post_title_bg_image_position":"","ocean_post_title_bg_image_attachment":"","ocean_post_title_bg_image_repeat":"","ocean_post_title_bg_image_size":"","ocean_post_title_height":0,"ocean_post_title_bg_overlay":0.5,"ocean_post_title_bg_overlay_color":"","ocean_disable_breadcrumbs":"default","ocean_breadcrumbs_color":"","ocean_breadcrumbs_separator_color":"","ocean_breadcrumbs_links_color":"","ocean_breadcrumbs_links_hover_color":"","ocean_display_footer_widgets":"default","ocean_display_footer_bottom":"default","ocean_custom_footer_template":"0","footnotes":""},"class_list":["post-7975","page","type-page","status-publish","hentry","entry"],"acf":[],"yoast_head":"<!-- This site is optimized with the Yoast SEO plugin v27.5 - https:\/\/yoast.com\/product\/yoast-seo-wordpress\/ -->\n<title>Kontakt - Christine Br\u00e4hler<\/title>\n<meta name=\"description\" content=\"Kontakt zu Dr. Christine Br\u00e4hler, Psychologin, Psychotherapeutin und Selbstmitgef\u00fchlslehrerin.\" \/>\n<meta name=\"robots\" content=\"index, follow, max-snippet:-1, max-image-preview:large, max-video-preview:-1\" \/>\n<link rel=\"canonical\" href=\"https:\/\/www.christinebraehler.com\/contact\/\" \/>\n<meta property=\"og:locale\" content=\"de_DE\" \/>\n<meta property=\"og:type\" content=\"article\" \/>\n<meta property=\"og:title\" content=\"Kontakt - Christine Br\u00e4hler\" \/>\n<meta property=\"og:description\" content=\"Kontakt zu Dr. Christine Br\u00e4hler, Psychologin, Psychotherapeutin und Selbstmitgef\u00fchlslehrerin.\" \/>\n<meta property=\"og:url\" content=\"https:\/\/www.christinebraehler.com\/contact\/\" \/>\n<meta property=\"og:site_name\" content=\"Christine Br\u00e4hler\" \/>\n<meta property=\"article:modified_time\" content=\"2026-02-14T03:19:38+00:00\" \/>\n<meta name=\"twitter:card\" content=\"summary_large_image\" \/>\n<meta name=\"twitter:label1\" content=\"Gesch\u00e4tzte Lesezeit\" \/>\n\t<meta name=\"twitter:data1\" content=\"1\u00a0Minute\" \/>\n<script type=\"application\/ld+json\" class=\"yoast-schema-graph\">{\"@context\":\"https:\\\/\\\/schema.org\",\"@graph\":[{\"@type\":\"WebPage\",\"@id\":\"https:\\\/\\\/www.christinebraehler.com\\\/contact\\\/\",\"url\":\"https:\\\/\\\/www.christinebraehler.com\\\/contact\\\/\",\"name\":\"Kontakt - Christine Br\u00e4hler\",\"isPartOf\":{\"@id\":\"https:\\\/\\\/www.christinebraehler.com\\\/#website\"},\"datePublished\":\"2023-10-11T18:22:52+00:00\",\"dateModified\":\"2026-02-14T03:19:38+00:00\",\"description\":\"Kontakt zu Dr. Christine Br\u00e4hler, Psychologin, Psychotherapeutin und Selbstmitgef\u00fchlslehrerin.\",\"breadcrumb\":{\"@id\":\"https:\\\/\\\/www.christinebraehler.com\\\/contact\\\/#breadcrumb\"},\"inLanguage\":\"de\",\"potentialAction\":[{\"@type\":\"ReadAction\",\"target\":[\"https:\\\/\\\/www.christinebraehler.com\\\/contact\\\/\"]}]},{\"@type\":\"BreadcrumbList\",\"@id\":\"https:\\\/\\\/www.christinebraehler.com\\\/contact\\\/#breadcrumb\",\"itemListElement\":[{\"@type\":\"ListItem\",\"position\":1,\"name\":\"Startseite\",\"item\":\"https:\\\/\\\/www.christinebraehler.com\\\/de\\\/\"},{\"@type\":\"ListItem\",\"position\":2,\"name\":\"Kontakt\"}]},{\"@type\":\"WebSite\",\"@id\":\"https:\\\/\\\/www.christinebraehler.com\\\/#website\",\"url\":\"https:\\\/\\\/www.christinebraehler.com\\\/\",\"name\":\"Christine Br\u00e4hler\",\"description\":\"Learn to love more of yourself\",\"publisher\":{\"@id\":\"https:\\\/\\\/www.christinebraehler.com\\\/#\\\/schema\\\/person\\\/e37ee4b836b38bb27bbc626a7d947901\"},\"potentialAction\":[{\"@type\":\"SearchAction\",\"target\":{\"@type\":\"EntryPoint\",\"urlTemplate\":\"https:\\\/\\\/www.christinebraehler.com\\\/?s={search_term_string}\"},\"query-input\":{\"@type\":\"PropertyValueSpecification\",\"valueRequired\":true,\"valueName\":\"search_term_string\"}}],\"inLanguage\":\"de\"},{\"@type\":[\"Person\",\"Organization\"],\"@id\":\"https:\\\/\\\/www.christinebraehler.com\\\/#\\\/schema\\\/person\\\/e37ee4b836b38bb27bbc626a7d947901\",\"name\":\"Christine Braehler\",\"image\":{\"@type\":\"ImageObject\",\"inLanguage\":\"de\",\"@id\":\"https:\\\/\\\/www.christinebraehler.com\\\/wp-content\\\/uploads\\\/2023\\\/10\\\/Christine-Braehler.jpg\",\"url\":\"https:\\\/\\\/www.christinebraehler.com\\\/wp-content\\\/uploads\\\/2023\\\/10\\\/Christine-Braehler.jpg\",\"contentUrl\":\"https:\\\/\\\/www.christinebraehler.com\\\/wp-content\\\/uploads\\\/2023\\\/10\\\/Christine-Braehler.jpg\",\"width\":1907,\"height\":1851,\"caption\":\"Christine Braehler\"},\"logo\":{\"@id\":\"https:\\\/\\\/www.christinebraehler.com\\\/wp-content\\\/uploads\\\/2023\\\/10\\\/Christine-Braehler.jpg\"},\"description\":\"Dr. Christine Br\u00e4hler ist Psychologische Psychotherapeutin, Selbstmitgef\u00fchlsexpertin, Dozentin und Autorin.\"}]}<\/script>\n<!-- \/ Yoast SEO plugin. -->","yoast_head_json":{"title":"Kontakt - Christine Br\u00e4hler","description":"Kontakt zu Dr. Christine Br\u00e4hler, Psychologin, Psychotherapeutin und Selbstmitgef\u00fchlslehrerin.","robots":{"index":"index","follow":"follow","max-snippet":"max-snippet:-1","max-image-preview":"max-image-preview:large","max-video-preview":"max-video-preview:-1"},"canonical":"https:\/\/www.christinebraehler.com\/contact\/","og_locale":"de_DE","og_type":"article","og_title":"Kontakt - Christine Br\u00e4hler","og_description":"Kontakt zu Dr. Christine Br\u00e4hler, Psychologin, Psychotherapeutin und Selbstmitgef\u00fchlslehrerin.","og_url":"https:\/\/www.christinebraehler.com\/contact\/","og_site_name":"Christine Br\u00e4hler","article_modified_time":"2026-02-14T03:19:38+00:00","twitter_card":"summary_large_image","twitter_misc":{"Gesch\u00e4tzte Lesezeit":"1\u00a0Minute"},"schema":{"@context":"https:\/\/schema.org","@graph":[{"@type":"WebPage","@id":"https:\/\/www.christinebraehler.com\/contact\/","url":"https:\/\/www.christinebraehler.com\/contact\/","name":"Kontakt - Christine Br\u00e4hler","isPartOf":{"@id":"https:\/\/www.christinebraehler.com\/#website"},"datePublished":"2023-10-11T18:22:52+00:00","dateModified":"2026-02-14T03:19:38+00:00","description":"Kontakt zu Dr. Christine Br\u00e4hler, Psychologin, Psychotherapeutin und Selbstmitgef\u00fchlslehrerin.","breadcrumb":{"@id":"https:\/\/www.christinebraehler.com\/contact\/#breadcrumb"},"inLanguage":"de","potentialAction":[{"@type":"ReadAction","target":["https:\/\/www.christinebraehler.com\/contact\/"]}]},{"@type":"BreadcrumbList","@id":"https:\/\/www.christinebraehler.com\/contact\/#breadcrumb","itemListElement":[{"@type":"ListItem","position":1,"name":"Startseite","item":"https:\/\/www.christinebraehler.com\/de\/"},{"@type":"ListItem","position":2,"name":"Kontakt"}]},{"@type":"WebSite","@id":"https:\/\/www.christinebraehler.com\/#website","url":"https:\/\/www.christinebraehler.com\/","name":"Christine Br\u00e4hler","description":"Learn to love more of yourself","publisher":{"@id":"https:\/\/www.christinebraehler.com\/#\/schema\/person\/e37ee4b836b38bb27bbc626a7d947901"},"potentialAction":[{"@type":"SearchAction","target":{"@type":"EntryPoint","urlTemplate":"https:\/\/www.christinebraehler.com\/?s={search_term_string}"},"query-input":{"@type":"PropertyValueSpecification","valueRequired":true,"valueName":"search_term_string"}}],"inLanguage":"de"},{"@type":["Person","Organization"],"@id":"https:\/\/www.christinebraehler.com\/#\/schema\/person\/e37ee4b836b38bb27bbc626a7d947901","name":"Christine Braehler","image":{"@type":"ImageObject","inLanguage":"de","@id":"https:\/\/www.christinebraehler.com\/wp-content\/uploads\/2023\/10\/Christine-Braehler.jpg","url":"https:\/\/www.christinebraehler.com\/wp-content\/uploads\/2023\/10\/Christine-Braehler.jpg","contentUrl":"https:\/\/www.christinebraehler.com\/wp-content\/uploads\/2023\/10\/Christine-Braehler.jpg","width":1907,"height":1851,"caption":"Christine Braehler"},"logo":{"@id":"https:\/\/www.christinebraehler.com\/wp-content\/uploads\/2023\/10\/Christine-Braehler.jpg"},"description":"Dr. Christine Br\u00e4hler ist Psychologische Psychotherapeutin, Selbstmitgef\u00fchlsexpertin, Dozentin und Autorin."}]}},"_links":{"self":[{"href":"https:\/\/www.christinebraehler.com\/de\/wp-json\/wp\/v2\/pages\/7975","targetHints":{"allow":["GET"]}}],"collection":[{"href":"https:\/\/www.christinebraehler.com\/de\/wp-json\/wp\/v2\/pages"}],"about":[{"href":"https:\/\/www.christinebraehler.com\/de\/wp-json\/wp\/v2\/types\/page"}],"author":[{"embeddable":true,"href":"https:\/\/www.christinebraehler.com\/de\/wp-json\/wp\/v2\/users\/6"}],"replies":[{"embeddable":true,"href":"https:\/\/www.christinebraehler.com\/de\/wp-json\/wp\/v2\/comments?post=7975"}],"version-history":[{"count":10,"href":"https:\/\/www.christinebraehler.com\/de\/wp-json\/wp\/v2\/pages\/7975\/revisions"}],"predecessor-version":[{"id":21081,"href":"https:\/\/www.christinebraehler.com\/de\/wp-json\/wp\/v2\/pages\/7975\/revisions\/21081"}],"wp:attachment":[{"href":"https:\/\/www.christinebraehler.com\/de\/wp-json\/wp\/v2\/media?parent=7975"}],"curies":[{"name":"wp","href":"https:\/\/api.w.org\/{rel}","templated":true}]}}