{"id":9417,"date":"2023-10-13T15:53:00","date_gmt":"2023-10-13T13:53:00","guid":{"rendered":"https:\/\/www.christinebraehler.com\/?page_id=9417"},"modified":"2026-02-10T04:36:19","modified_gmt":"2026-02-10T03:36:19","slug":"newsletter","status":"publish","type":"page","link":"https:\/\/www.christinebraehler.com\/de\/newsletter\/","title":{"rendered":"Newsletter (DE)"},"content":{"rendered":"\t\t<div data-elementor-type=\"wp-page\" data-elementor-id=\"9417\" class=\"elementor elementor-9417 elementor-9401\" data-elementor-post-type=\"page\">\n\t\t\t\t<div class=\"elementor-element elementor-element-f4cd862 e-flex e-con-boxed e-con e-parent\" data-id=\"f4cd862\" data-element_type=\"container\" data-e-type=\"container\" data-settings=\"{&quot;background_background&quot;:&quot;classic&quot;}\">\n\t\t\t\t\t<div class=\"e-con-inner\">\n\t\t<div class=\"elementor-element elementor-element-d37c4ee e-con-full e-flex e-con e-child\" data-id=\"d37c4ee\" data-element_type=\"container\" data-e-type=\"container\" data-settings=\"{&quot;background_background&quot;:&quot;classic&quot;}\">\n\t\t\t\t<div class=\"elementor-element elementor-element-f7c5b95 elementor-widget elementor-widget-spacer\" data-id=\"f7c5b95\" data-element_type=\"widget\" data-e-type=\"widget\" data-widget_type=\"spacer.default\">\n\t\t\t\t<div class=\"elementor-widget-container\">\n\t\t\t\t\t\t\t<div class=\"elementor-spacer\">\n\t\t\t<div class=\"elementor-spacer-inner\"><\/div>\n\t\t<\/div>\n\t\t\t\t\t\t<\/div>\n\t\t\t\t<\/div>\n\t\t\t\t<\/div>\n\t\t<div class=\"elementor-element elementor-element-1011cab e-con-full e-flex e-con e-child\" data-id=\"1011cab\" data-element_type=\"container\" data-e-type=\"container\">\n\t\t\t\t<div class=\"elementor-element elementor-element-8e7c04a elementor-widget elementor-widget-heading\" data-id=\"8e7c04a\" data-element_type=\"widget\" data-e-type=\"widget\" data-widget_type=\"heading.default\">\n\t\t\t\t<div class=\"elementor-widget-container\">\n\t\t\t\t\t<h2 class=\"elementor-heading-title elementor-size-default\">Inspiration f\u00fcrs Herz<\/h2>\t\t\t\t<\/div>\n\t\t\t\t<\/div>\n\t\t\t\t<div class=\"elementor-element elementor-element-24731e5 elementor-widget elementor-widget-heading\" data-id=\"24731e5\" data-element_type=\"widget\" data-e-type=\"widget\" data-widget_type=\"heading.default\">\n\t\t\t\t<div class=\"elementor-widget-container\">\n\t\t\t\t\t<h2 class=\"elementor-heading-title elementor-size-default\">Plus Rabatte und Neuigkeiten in meinem Newsletter\n<\/h2>\t\t\t\t<\/div>\n\t\t\t\t<\/div>\n\t\t\t\t<div class=\"elementor-element elementor-element-529b194 elementor-widget elementor-widget-shortcode\" data-id=\"529b194\" data-element_type=\"widget\" data-e-type=\"widget\" data-widget_type=\"shortcode.default\">\n\t\t\t\t<div class=\"elementor-widget-container\">\n\t\t\t\t\t\t\t<div class=\"elementor-shortcode\"><div class='fluentform ff-default fluentform_wrapper_3 ffs_custom_wrap'><form data-form_id=\"3\" id=\"fluentform_3\" class=\"frm-fluent-form fluent_form_3 ff-el-form-top ff_form_instance_3_1 ff-form-loading ffs_custom\" data-form_instance=\"ff_form_instance_3_1\" method=\"POST\" ><fieldset  style=\"border: none!important;margin: 0!important;padding: 0!important;background-color: transparent!important;box-shadow: none!important;outline: none!important; min-inline-size: 100%;\">\n                    <legend class=\"ff_screen_reader_title\" style=\"display: block; margin: 0!important;padding: 0!important;height: 0!important;text-indent: -999999px;width: 0!important;overflow:hidden;\">mailchimp DE<\/legend><input type='hidden' name='__fluent_form_embded_post_id' value='9417' \/><input type=\"hidden\" id=\"_fluentform_3_fluentformnonce\" name=\"_fluentform_3_fluentformnonce\" value=\"43a5c9f3eb\" \/><input type=\"hidden\" name=\"_wp_http_referer\" value=\"\/de\/wp-json\/wp\/v2\/pages\/9417\" \/><div class='ff-el-group'><div class=\"ff-el-input--label ff-el-is-required asterisk-right\"><label for='ff_3_input_text' id='label_ff_3_input_text' aria-label=\"Vorname\">Vorname<\/label><\/div><div class='ff-el-input--content'><input type=\"text\" name=\"input_text\" class=\"ff-el-form-control\" data-name=\"input_text\" id=\"ff_3_input_text\"  aria-invalid=\"false\" aria-required=true><\/div><\/div><div class='ff-el-group'><div class=\"ff-el-input--label ff-el-is-required asterisk-right\"><label for='ff_3_email' id='label_ff_3_email' aria-label=\"Deine E-Mail-Adresse\">Deine E-Mail-Adresse<\/label><\/div><div class='ff-el-input--content'><input type=\"email\" name=\"email\" id=\"ff_3_email\" class=\"ff-el-form-control\" data-name=\"email\"  aria-invalid=\"false\" aria-required=true><\/div><\/div><div class='ff-el-group  ff_list_inline'><div class=\"ff-el-input--label ff-el-is-required asterisk-right\"><label   aria-label=\"Deine bevorzugte Sprache\">Deine bevorzugte Sprache<\/label><\/div><div class='ff-el-input--content'><div class='ff-el-form-check ff-el-form-check- ff_item_selected'><label class='ff-el-form-check-label' for='input_radio_2608c9f6e3221874f7dc560ff0297a64'><input  type=\"radio\" name=\"input_radio\" data-name=\"input_radio\" class=\"ff-el-form-check-input ff-el-form-check-radio\" checked=\"1\" value=\"Deutsch\"  id='input_radio_2608c9f6e3221874f7dc560ff0297a64' aria-label='Deutsch' aria-invalid='false' aria-required=true> <span>Deutsch<\/span><\/label><\/div><div class='ff-el-form-check ff-el-form-check-'><label class='ff-el-form-check-label' for='input_radio_4d15876b776bb9c3f424d8b0479e44de'><input  type=\"radio\" name=\"input_radio\" data-name=\"input_radio\" class=\"ff-el-form-check-input ff-el-form-check-radio\" value=\"English\"  id='input_radio_4d15876b776bb9c3f424d8b0479e44de' aria-label='English' aria-invalid='false' aria-required=true> <span>English<\/span><\/label><\/div><\/div><\/div><div class='ff-el-group  ff_list_inline'><div class=\"ff-el-input--label ff-el-is-required asterisk-right\"><label   aria-label=\"Bist Du PsychotherapeutIn oder Life Coach?\">Bist Du PsychotherapeutIn oder Life Coach?<\/label><\/div><div class='ff-el-input--content'><div class='ff-el-form-check ff-el-form-check-'><label class='ff-el-form-check-label' for='input_radio_1_3eaf525b14740ebb8a3d15a382172d9e'><input  type=\"radio\" name=\"input_radio_1\" data-name=\"input_radio_1\" class=\"ff-el-form-check-input ff-el-form-check-radio\" value=\"Therapist\"  id='input_radio_1_3eaf525b14740ebb8a3d15a382172d9e' aria-label='Ja' aria-invalid='false' aria-required=true> <span>Ja<\/span><\/label><\/div><div class='ff-el-form-check ff-el-form-check-'><label class='ff-el-form-check-label' for='input_radio_1_e6fa8f743d952d4ca127f443b16c1539'><input  type=\"radio\" name=\"input_radio_1\" data-name=\"input_radio_1\" class=\"ff-el-form-check-input ff-el-form-check-radio\" value=\"Non-Therapist\"  id='input_radio_1_e6fa8f743d952d4ca127f443b16c1539' aria-label='Nein' aria-invalid='false' aria-required=true> <span>Nein<\/span><\/label><\/div><\/div><\/div><div class='ff-el-group ff-text-left ff_submit_btn_wrapper'><button type=\"submit\" class=\"ff-btn ff-btn-submit ff-btn-md ff_btn_style wpf_has_custom_css\"  aria-label=\"JETZT ABSCHICKEN\">JETZT ABSCHICKEN<\/button><\/div><\/fieldset><\/form><div id='fluentform_3_errors' class='ff-errors-in-stack ff_form_instance_3_1 ff-form-loading_errors ff_form_instance_3_1_errors'><\/div><\/div>            <script type=\"text\/javascript\">\n                window.fluent_form_ff_form_instance_3_1 = {\"id\":\"3\",\"settings\":{\"layout\":{\"labelPlacement\":\"top\",\"asteriskPlacement\":\"asterisk-right\",\"helpMessagePlacement\":\"with_label\",\"errorMessagePlacement\":\"inline\",\"cssClassName\":\"\"},\"restrictions\":{\"denyEmptySubmission\":{\"enabled\":false}}},\"form_instance\":\"ff_form_instance_3_1\",\"form_id_selector\":\"fluentform_3\",\"rules\":{\"input_text\":{\"required\":{\"value\":true,\"message\":\"Dieses Feld ist erforderlich\",\"global_message\":\"This field is required\",\"global\":true}},\"email\":{\"required\":{\"value\":true,\"message\":\"Dieses Feld ist erforderlich\",\"global_message\":\"This field is required\",\"global\":true},\"email\":{\"value\":true,\"message\":\"Dieses Feld muss eine g\\u00fcltige E-Mail-Adresse enthalten\",\"global_message\":\"This field must contain a valid email\",\"global\":true}},\"input_radio\":{\"required\":{\"value\":true,\"message\":\"Dieses Feld ist erforderlich\",\"global_message\":\"This field is required\",\"global\":true}},\"input_radio_1\":{\"required\":{\"value\":true,\"message\":\"Dieses Feld ist erforderlich\",\"global_message\":\"This field is required\",\"global\":true}}},\"debounce_time\":300};\n                            <\/script>\n            <\/div>\n\t\t\t\t\t\t<\/div>\n\t\t\t\t<\/div>\n\t\t\t\t<div class=\"elementor-element elementor-element-bf56403 elementor-widget elementor-widget-text-editor\" data-id=\"bf56403\" data-element_type=\"widget\" data-e-type=\"widget\" data-widget_type=\"text-editor.default\">\n\t\t\t\t<div class=\"elementor-widget-container\">\n\t\t\t\t\t\t\t\t\t<p class=\"p1\"><em>Indem Sie abonnieren, stimmen Sie zu zuk\u00fcnftig von Dr. Christine Br\u00e4hler E-Mails zu empfangen gem\u00e4\u00df der\u00a0<a href=\"https:\/\/www.christinebraehler.com\/de\/datenschutzerklaerung\/\"><span class=\"s1\">Datenschutzrichtlinie<\/span><\/a>. Sie erhalten w\u00f6chentlich eMails zu den Themen Selbstmitgef\u00fchl, Meditation und Pers\u00f6nlichkeitsentwicklung. Der Versand der E-Mails erfolgt unter Verwendung von Mailchimp. Ihre Einwilligung k\u00f6nnen Sie jederzeit f\u00fcr die Zukunft \u00fcber den \u201eUnsubscribe\u201c-Link am Fu\u00df jeder E-Mail oder per Nachricht an die, im <a href=\"https:\/\/www.christinebraehler.com\/de\/impressum\/\"><span class=\"s1\">Impressum<\/span><\/a> angegebenen, Kontaktdaten widerrufen.<\/em><\/p>\t\t\t\t\t\t\t\t<\/div>\n\t\t\t\t<\/div>\n\t\t\t\t<div class=\"elementor-element elementor-element-0727b77 elementor-button-align-start elementor-hidden-desktop elementor-hidden-tablet elementor-hidden-mobile elementor-widget elementor-widget-form\" data-id=\"0727b77\" data-element_type=\"widget\" data-e-type=\"widget\" data-settings=\"{&quot;step_next_label&quot;:&quot;Next&quot;,&quot;step_previous_label&quot;:&quot;Previous&quot;,&quot;button_width&quot;:&quot;100&quot;,&quot;step_type&quot;:&quot;number_text&quot;,&quot;step_icon_shape&quot;:&quot;circle&quot;}\" data-widget_type=\"form.default\">\n\t\t\t\t<div class=\"elementor-widget-container\">\n\t\t\t\t\t\t\t<form class=\"elementor-form\" method=\"post\" name=\"New Form\" aria-label=\"New Form\">\n\t\t\t<input type=\"hidden\" name=\"post_id\" value=\"9417\"\/>\n\t\t\t<input type=\"hidden\" name=\"form_id\" value=\"0727b77\"\/>\n\t\t\t<input type=\"hidden\" name=\"referer_title\" value=\"Newsletter (DE) - Christine Br\u00e4hler\" \/>\n\n\t\t\t\t\t\t\t<input type=\"hidden\" name=\"queried_id\" value=\"9417\"\/>\n\t\t\t\n\t\t\t<div class=\"elementor-form-fields-wrapper elementor-labels-above\">\n\t\t\t\t\t\t\t\t<div class=\"elementor-field-type-text elementor-field-group elementor-column elementor-field-group-name elementor-col-50 elementor-field-required elementor-mark-required\">\n\t\t\t\t\t\t\t\t\t\t\t\t<label for=\"form-field-name\" class=\"elementor-field-label\">\n\t\t\t\t\t\t\t\tVorname\t\t\t\t\t\t\t<\/label>\n\t\t\t\t\t\t\t\t\t\t\t\t\t\t<input size=\"1\" type=\"text\" name=\"form_fields[name]\" id=\"form-field-name\" class=\"elementor-field elementor-size-sm  elementor-field-textual\" required=\"required\">\n\t\t\t\t\t\t\t\t\t\t\t<\/div>\n\t\t\t\t\t\t\t\t<div class=\"elementor-field-type-email elementor-field-group elementor-column elementor-field-group-email elementor-col-50 elementor-field-required elementor-mark-required\">\n\t\t\t\t\t\t\t\t\t\t\t\t<label for=\"form-field-email\" class=\"elementor-field-label\">\n\t\t\t\t\t\t\t\tE-Mail Adresse\t\t\t\t\t\t\t<\/label>\n\t\t\t\t\t\t\t\t\t\t\t\t\t\t<input size=\"1\" type=\"email\" name=\"form_fields[email]\" id=\"form-field-email\" class=\"elementor-field elementor-size-sm  elementor-field-textual\" required=\"required\">\n\t\t\t\t\t\t\t\t\t\t\t<\/div>\n\t\t\t\t\t\t\t\t<div class=\"elementor-field-group elementor-column elementor-field-type-submit elementor-col-100 e-form__buttons\">\n\t\t\t\t\t<button class=\"elementor-button elementor-size-sm\" type=\"submit\">\n\t\t\t\t\t\t<span class=\"elementor-button-content-wrapper\">\n\t\t\t\t\t\t\t\t\t\t\t\t\t\t\t\t\t\t\t\t\t\t<span class=\"elementor-button-text\">Abonnieren<\/span>\n\t\t\t\t\t\t\t\t\t\t\t\t\t<\/span>\n\t\t\t\t\t<\/button>\n\t\t\t\t<\/div>\n\t\t\t<\/div>\n\t\t<\/form>\n\t\t\t\t\t\t<\/div>\n\t\t\t\t<\/div>\n\t\t\t\t<\/div>\n\t\t\t\t\t<\/div>\n\t\t\t\t<\/div>\n\t\t\t\t<\/div>\n\t\t","protected":false},"excerpt":{"rendered":"<p>Inspiration f\u00fcrs Herz Plus Rabatte und Neuigkeiten in meinem Newsletter Indem Sie abonnieren, stimmen Sie zu zuk\u00fcnftig von Dr. Christine Br\u00e4hler E-Mails zu empfangen gem\u00e4\u00df der\u00a0Datenschutzrichtlinie. Sie erhalten w\u00f6chentlich eMails zu den Themen Selbstmitgef\u00fchl, Meditation und Pers\u00f6nlichkeitsentwicklung. Der Versand der E-Mails erfolgt unter Verwendung von Mailchimp. Ihre Einwilligung k\u00f6nnen Sie jederzeit f\u00fcr die Zukunft \u00fcber [&hellip;]<\/p>\n","protected":false},"author":6,"featured_media":0,"parent":0,"menu_order":0,"comment_status":"closed","ping_status":"closed","template":"","meta":{"_acf_changed":false,"ocean_post_layout":"","ocean_both_sidebars_style":"","ocean_both_sidebars_content_width":0,"ocean_both_sidebars_sidebars_width":0,"ocean_sidebar":"0","ocean_second_sidebar":"0","ocean_disable_margins":"enable","ocean_add_body_class":"","ocean_shortcode_before_top_bar":"","ocean_shortcode_after_top_bar":"","ocean_shortcode_before_header":"","ocean_shortcode_after_header":"","ocean_has_shortcode":"","ocean_shortcode_after_title":"","ocean_shortcode_before_footer_widgets":"","ocean_shortcode_after_footer_widgets":"","ocean_shortcode_before_footer_bottom":"","ocean_shortcode_after_footer_bottom":"","ocean_display_top_bar":"default","ocean_display_header":"default","ocean_header_style":"","ocean_center_header_left_menu":"0","ocean_custom_header_template":"0","ocean_custom_logo":0,"ocean_custom_retina_logo":0,"ocean_custom_logo_max_width":0,"ocean_custom_logo_tablet_max_width":0,"ocean_custom_logo_mobile_max_width":0,"ocean_custom_logo_max_height":0,"ocean_custom_logo_tablet_max_height":0,"ocean_custom_logo_mobile_max_height":0,"ocean_header_custom_menu":"0","ocean_menu_typo_font_family":"0","ocean_menu_typo_font_subset":"","ocean_menu_typo_font_size":0,"ocean_menu_typo_font_size_tablet":0,"ocean_menu_typo_font_size_mobile":0,"ocean_menu_typo_font_size_unit":"px","ocean_menu_typo_font_weight":"","ocean_menu_typo_font_weight_tablet":"","ocean_menu_typo_font_weight_mobile":"","ocean_menu_typo_transform":"","ocean_menu_typo_transform_tablet":"","ocean_menu_typo_transform_mobile":"","ocean_menu_typo_line_height":0,"ocean_menu_typo_line_height_tablet":0,"ocean_menu_typo_line_height_mobile":0,"ocean_menu_typo_line_height_unit":"","ocean_menu_typo_spacing":0,"ocean_menu_typo_spacing_tablet":0,"ocean_menu_typo_spacing_mobile":0,"ocean_menu_typo_spacing_unit":"","ocean_menu_link_color":"","ocean_menu_link_color_hover":"","ocean_menu_link_color_active":"","ocean_menu_link_background":"","ocean_menu_link_hover_background":"","ocean_menu_link_active_background":"","ocean_menu_social_links_bg":"","ocean_menu_social_hover_links_bg":"","ocean_menu_social_links_color":"","ocean_menu_social_hover_links_color":"","ocean_disable_title":"default","ocean_disable_heading":"default","ocean_post_title":"","ocean_post_subheading":"","ocean_post_title_style":"","ocean_post_title_background_color":"","ocean_post_title_background":0,"ocean_post_title_bg_image_position":"","ocean_post_title_bg_image_attachment":"","ocean_post_title_bg_image_repeat":"","ocean_post_title_bg_image_size":"","ocean_post_title_height":0,"ocean_post_title_bg_overlay":0.5,"ocean_post_title_bg_overlay_color":"","ocean_disable_breadcrumbs":"default","ocean_breadcrumbs_color":"","ocean_breadcrumbs_separator_color":"","ocean_breadcrumbs_links_color":"","ocean_breadcrumbs_links_hover_color":"","ocean_display_footer_widgets":"default","ocean_display_footer_bottom":"default","ocean_custom_footer_template":"0","footnotes":""},"class_list":["post-9417","page","type-page","status-publish","hentry","entry"],"acf":[],"yoast_head":"<!-- This site is optimized with the Yoast SEO plugin v27.4 - https:\/\/yoast.com\/product\/yoast-seo-wordpress\/ -->\n<title>Newsletter (DE) - Christine Br\u00e4hler<\/title>\n<meta name=\"description\" content=\"Erfahre zuerst \u00fcber Selbstmitgef\u00fchlskurse und andere Angebote von Dr. Christine Br\u00e4hler, indem Du Dich f\u00fcr den Newsletter eintr\u00e4gst.\" \/>\n<meta name=\"robots\" content=\"index, follow, max-snippet:-1, max-image-preview:large, max-video-preview:-1\" \/>\n<link rel=\"canonical\" href=\"https:\/\/www.christinebraehler.com\/newsletter\/\" \/>\n<meta property=\"og:locale\" content=\"de_DE\" \/>\n<meta property=\"og:type\" content=\"article\" \/>\n<meta property=\"og:title\" content=\"Newsletter (DE) - Christine Br\u00e4hler\" \/>\n<meta property=\"og:description\" content=\"Erfahre zuerst \u00fcber Selbstmitgef\u00fchlskurse und andere Angebote von Dr. Christine Br\u00e4hler, indem Du Dich f\u00fcr den Newsletter eintr\u00e4gst.\" \/>\n<meta property=\"og:url\" content=\"https:\/\/www.christinebraehler.com\/newsletter\/\" \/>\n<meta property=\"og:site_name\" content=\"Christine Br\u00e4hler\" \/>\n<meta property=\"article:modified_time\" content=\"2026-02-10T03:36:19+00:00\" \/>\n<meta name=\"twitter:card\" content=\"summary_large_image\" \/>\n<meta name=\"twitter:label1\" content=\"Gesch\u00e4tzte Lesezeit\" \/>\n\t<meta name=\"twitter:data1\" content=\"1\u00a0Minute\" \/>\n<script type=\"application\/ld+json\" class=\"yoast-schema-graph\">{\"@context\":\"https:\\\/\\\/schema.org\",\"@graph\":[{\"@type\":\"WebPage\",\"@id\":\"https:\\\/\\\/www.christinebraehler.com\\\/newsletter\\\/\",\"url\":\"https:\\\/\\\/www.christinebraehler.com\\\/newsletter\\\/\",\"name\":\"Newsletter (DE) - Christine Br\u00e4hler\",\"isPartOf\":{\"@id\":\"https:\\\/\\\/www.christinebraehler.com\\\/#website\"},\"datePublished\":\"2023-10-13T13:53:00+00:00\",\"dateModified\":\"2026-02-10T03:36:19+00:00\",\"description\":\"Erfahre zuerst \u00fcber Selbstmitgef\u00fchlskurse und andere Angebote von Dr. Christine Br\u00e4hler, indem Du Dich f\u00fcr den Newsletter eintr\u00e4gst.\",\"breadcrumb\":{\"@id\":\"https:\\\/\\\/www.christinebraehler.com\\\/newsletter\\\/#breadcrumb\"},\"inLanguage\":\"de\",\"potentialAction\":[{\"@type\":\"ReadAction\",\"target\":[\"https:\\\/\\\/www.christinebraehler.com\\\/newsletter\\\/\"]}]},{\"@type\":\"BreadcrumbList\",\"@id\":\"https:\\\/\\\/www.christinebraehler.com\\\/newsletter\\\/#breadcrumb\",\"itemListElement\":[{\"@type\":\"ListItem\",\"position\":1,\"name\":\"Startseite\",\"item\":\"https:\\\/\\\/www.christinebraehler.com\\\/de\\\/\"},{\"@type\":\"ListItem\",\"position\":2,\"name\":\"Newsletter (DE)\"}]},{\"@type\":\"WebSite\",\"@id\":\"https:\\\/\\\/www.christinebraehler.com\\\/#website\",\"url\":\"https:\\\/\\\/www.christinebraehler.com\\\/\",\"name\":\"Christine Br\u00e4hler\",\"description\":\"Learn to love more of yourself\",\"publisher\":{\"@id\":\"https:\\\/\\\/www.christinebraehler.com\\\/#\\\/schema\\\/person\\\/e37ee4b836b38bb27bbc626a7d947901\"},\"potentialAction\":[{\"@type\":\"SearchAction\",\"target\":{\"@type\":\"EntryPoint\",\"urlTemplate\":\"https:\\\/\\\/www.christinebraehler.com\\\/?s={search_term_string}\"},\"query-input\":{\"@type\":\"PropertyValueSpecification\",\"valueRequired\":true,\"valueName\":\"search_term_string\"}}],\"inLanguage\":\"de\"},{\"@type\":[\"Person\",\"Organization\"],\"@id\":\"https:\\\/\\\/www.christinebraehler.com\\\/#\\\/schema\\\/person\\\/e37ee4b836b38bb27bbc626a7d947901\",\"name\":\"Christine Braehler\",\"image\":{\"@type\":\"ImageObject\",\"inLanguage\":\"de\",\"@id\":\"https:\\\/\\\/www.christinebraehler.com\\\/wp-content\\\/uploads\\\/2023\\\/10\\\/Christine-Braehler.jpg\",\"url\":\"https:\\\/\\\/www.christinebraehler.com\\\/wp-content\\\/uploads\\\/2023\\\/10\\\/Christine-Braehler.jpg\",\"contentUrl\":\"https:\\\/\\\/www.christinebraehler.com\\\/wp-content\\\/uploads\\\/2023\\\/10\\\/Christine-Braehler.jpg\",\"width\":1907,\"height\":1851,\"caption\":\"Christine Braehler\"},\"logo\":{\"@id\":\"https:\\\/\\\/www.christinebraehler.com\\\/wp-content\\\/uploads\\\/2023\\\/10\\\/Christine-Braehler.jpg\"}}]}<\/script>\n<!-- \/ Yoast SEO plugin. -->","yoast_head_json":{"title":"Newsletter (DE) - Christine Br\u00e4hler","description":"Erfahre zuerst \u00fcber Selbstmitgef\u00fchlskurse und andere Angebote von Dr. Christine Br\u00e4hler, indem Du Dich f\u00fcr den Newsletter eintr\u00e4gst.","robots":{"index":"index","follow":"follow","max-snippet":"max-snippet:-1","max-image-preview":"max-image-preview:large","max-video-preview":"max-video-preview:-1"},"canonical":"https:\/\/www.christinebraehler.com\/newsletter\/","og_locale":"de_DE","og_type":"article","og_title":"Newsletter (DE) - Christine Br\u00e4hler","og_description":"Erfahre zuerst \u00fcber Selbstmitgef\u00fchlskurse und andere Angebote von Dr. Christine Br\u00e4hler, indem Du Dich f\u00fcr den Newsletter eintr\u00e4gst.","og_url":"https:\/\/www.christinebraehler.com\/newsletter\/","og_site_name":"Christine Br\u00e4hler","article_modified_time":"2026-02-10T03:36:19+00:00","twitter_card":"summary_large_image","twitter_misc":{"Gesch\u00e4tzte Lesezeit":"1\u00a0Minute"},"schema":{"@context":"https:\/\/schema.org","@graph":[{"@type":"WebPage","@id":"https:\/\/www.christinebraehler.com\/newsletter\/","url":"https:\/\/www.christinebraehler.com\/newsletter\/","name":"Newsletter (DE) - Christine Br\u00e4hler","isPartOf":{"@id":"https:\/\/www.christinebraehler.com\/#website"},"datePublished":"2023-10-13T13:53:00+00:00","dateModified":"2026-02-10T03:36:19+00:00","description":"Erfahre zuerst \u00fcber Selbstmitgef\u00fchlskurse und andere Angebote von Dr. Christine Br\u00e4hler, indem Du Dich f\u00fcr den Newsletter eintr\u00e4gst.","breadcrumb":{"@id":"https:\/\/www.christinebraehler.com\/newsletter\/#breadcrumb"},"inLanguage":"de","potentialAction":[{"@type":"ReadAction","target":["https:\/\/www.christinebraehler.com\/newsletter\/"]}]},{"@type":"BreadcrumbList","@id":"https:\/\/www.christinebraehler.com\/newsletter\/#breadcrumb","itemListElement":[{"@type":"ListItem","position":1,"name":"Startseite","item":"https:\/\/www.christinebraehler.com\/de\/"},{"@type":"ListItem","position":2,"name":"Newsletter (DE)"}]},{"@type":"WebSite","@id":"https:\/\/www.christinebraehler.com\/#website","url":"https:\/\/www.christinebraehler.com\/","name":"Christine Br\u00e4hler","description":"Learn to love more of yourself","publisher":{"@id":"https:\/\/www.christinebraehler.com\/#\/schema\/person\/e37ee4b836b38bb27bbc626a7d947901"},"potentialAction":[{"@type":"SearchAction","target":{"@type":"EntryPoint","urlTemplate":"https:\/\/www.christinebraehler.com\/?s={search_term_string}"},"query-input":{"@type":"PropertyValueSpecification","valueRequired":true,"valueName":"search_term_string"}}],"inLanguage":"de"},{"@type":["Person","Organization"],"@id":"https:\/\/www.christinebraehler.com\/#\/schema\/person\/e37ee4b836b38bb27bbc626a7d947901","name":"Christine Braehler","image":{"@type":"ImageObject","inLanguage":"de","@id":"https:\/\/www.christinebraehler.com\/wp-content\/uploads\/2023\/10\/Christine-Braehler.jpg","url":"https:\/\/www.christinebraehler.com\/wp-content\/uploads\/2023\/10\/Christine-Braehler.jpg","contentUrl":"https:\/\/www.christinebraehler.com\/wp-content\/uploads\/2023\/10\/Christine-Braehler.jpg","width":1907,"height":1851,"caption":"Christine Braehler"},"logo":{"@id":"https:\/\/www.christinebraehler.com\/wp-content\/uploads\/2023\/10\/Christine-Braehler.jpg"}}]}},"_links":{"self":[{"href":"https:\/\/www.christinebraehler.com\/de\/wp-json\/wp\/v2\/pages\/9417","targetHints":{"allow":["GET"]}}],"collection":[{"href":"https:\/\/www.christinebraehler.com\/de\/wp-json\/wp\/v2\/pages"}],"about":[{"href":"https:\/\/www.christinebraehler.com\/de\/wp-json\/wp\/v2\/types\/page"}],"author":[{"embeddable":true,"href":"https:\/\/www.christinebraehler.com\/de\/wp-json\/wp\/v2\/users\/6"}],"replies":[{"embeddable":true,"href":"https:\/\/www.christinebraehler.com\/de\/wp-json\/wp\/v2\/comments?post=9417"}],"version-history":[{"count":10,"href":"https:\/\/www.christinebraehler.com\/de\/wp-json\/wp\/v2\/pages\/9417\/revisions"}],"predecessor-version":[{"id":21025,"href":"https:\/\/www.christinebraehler.com\/de\/wp-json\/wp\/v2\/pages\/9417\/revisions\/21025"}],"wp:attachment":[{"href":"https:\/\/www.christinebraehler.com\/de\/wp-json\/wp\/v2\/media?parent=9417"}],"curies":[{"name":"wp","href":"https:\/\/api.w.org\/{rel}","templated":true}]}}